{"id":701,"date":"2025-02-24T22:27:59","date_gmt":"2025-02-24T22:27:59","guid":{"rendered":"https:\/\/olivera.ro\/about\/"},"modified":"2025-03-19T20:36:12","modified_gmt":"2025-03-19T18:36:12","slug":"povestea-mea-old","status":"publish","type":"page","link":"https:\/\/olivera.ro\/en\/povestea-mea-old\/","title":{"rendered":"Povestea Mea"},"content":{"rendered":"<div data-elementor-type=\"wp-page\" data-elementor-id=\"701\" class=\"elementor elementor-701\" data-elementor-post-type=\"page\">\n\t\t\t\t<div class=\"elementor-element elementor-element-da8b6d8 e-flex e-con-boxed e-con e-parent\" data-id=\"da8b6d8\" data-element_type=\"container\" data-e-type=\"container\" data-settings=\"{&quot;background_background&quot;:&quot;classic&quot;}\">\n\t\t\t\t\t<div class=\"e-con-inner\">\n\t\t\t\t\t<\/div>\n\t\t\t\t<\/div>\n\t\t<div class=\"elementor-element elementor-element-1663f85 e-flex e-con-boxed e-con e-parent\" data-id=\"1663f85\" data-element_type=\"container\" data-e-type=\"container\" data-settings=\"{&quot;background_background&quot;:&quot;classic&quot;}\">\n\t\t\t\t\t<div class=\"e-con-inner\">\n\t\t<div class=\"elementor-element elementor-element-c1c2ebd e-con-full e-flex e-con e-child\" data-id=\"c1c2ebd\" data-element_type=\"container\" data-e-type=\"container\">\n\t\t<div class=\"elementor-element elementor-element-341831a e-con-full e-flex e-con e-child\" data-id=\"341831a\" data-element_type=\"container\" data-e-type=\"container\">\n\t\t\t\t<div class=\"elementor-element elementor-element-2146d26 elementor-widget elementor-widget-heading\" data-id=\"2146d26\" data-element_type=\"widget\" data-e-type=\"widget\" data-widget_type=\"heading.default\">\n\t\t\t\t<div class=\"elementor-widget-container\">\n\t\t\t\t\t<h2 class=\"elementor-heading-title elementor-size-default\">De la pasiune la succes: 16 ani de experien\u021b\u0103 \u00een beauty, business \u0219i formare profesional\u0103<\/h2>\t\t\t\t<\/div>\n\t\t\t\t<\/div>\n\t\t\t\t<div class=\"elementor-element elementor-element-d29991b elementor-widget elementor-widget-spacer\" data-id=\"d29991b\" data-element_type=\"widget\" data-e-type=\"widget\" data-widget_type=\"spacer.default\">\n\t\t\t\t<div class=\"elementor-widget-container\">\n\t\t\t\t\t\t\t<div class=\"elementor-spacer\">\n\t\t\t<div class=\"elementor-spacer-inner\"><\/div>\n\t\t<\/div>\n\t\t\t\t\t\t<\/div>\n\t\t\t\t<\/div>\n\t\t\t\t<div class=\"elementor-element elementor-element-b1093d9 elementor-widget elementor-widget-text-editor\" data-id=\"b1093d9\" data-element_type=\"widget\" data-e-type=\"widget\" data-widget_type=\"text-editor.default\">\n\t\t\t\t<div class=\"elementor-widget-container\">\n\t\t\t\t\t\t\t\t\t<p>Sunt Diana Dumitru, specialist \u0219i formator calificat cu 16 ani de experien\u021b\u0103 \u00een domeniul beauty, specializat\u0103 \u00een utilizarea echipamentelor cosmetice avansate. Am \u00eenceput aceast\u0103 c\u0103l\u0103torie la doar 15 ani, din pasiune, nu din nevoie, iar \u00een timp am transformat aceast\u0103 pasiune \u00eentr-un business solid, bazat pe cuno\u0219tin\u021be reale \u0219i rezultate concrete.<\/p><p>\u00cen to\u021bi ace\u0219ti ani, am construit 8 saloane de \u00eenfrumuse\u021bare, am testat numeroase tehnici \u0219i echipamente \u0219i am \u00eenv\u0103\u021bat nu doar cum s\u0103 ofer rezultate excep\u021bionale clien\u021bilor, ci \u0219i cum s\u0103 dezvolt un business sustenabil. Am trecut prin provoc\u0103ri, am f\u0103cut gre\u0219eli, dar fiecare experien\u021b\u0103 m-a ajutat s\u0103 cresc \u0219i s\u0103 \u00een\u021beleg ce func\u021bioneaz\u0103 cu adev\u0103rat \u00een acest domeniu.<\/p><p>De ce aleg s\u0103 \u00eemp\u0103rt\u0103\u0219esc tot ce \u0219tiu?<\/p><p>Pentru c\u0103 \u0219tiu c\u00e2t de greu este s\u0103 \u00eencepi, s\u0103 cre\u0219ti \u0219i s\u0103 te men\u021bii \u00een aceast\u0103 industrie. \u0218tiu c\u00e2t de multe informa\u021bii circul\u0103, dar nu toate sunt aplicabile \u00een realitate. De aceea, cursurile mele sunt practice, oneste \u0219i bine structurate, oferind exact ceea ce ai nevoie pentru a avea succes.<\/p><p style=\"font-size: 16px; font-style: normal; font-weight: 400;\">Sunt nu doar antreprenor, ci \u0219i mam\u0103. Aceast\u0103 experien\u021b\u0103 mi-a schimbat complet perspectiva asupra business-ului \u0219i a modului \u00een care \u00eemi gestionez timpul. \u00cemi doresc s\u0103 le ofer copiilor mei un viitor sigur, iar pentru asta am \u00eenv\u0103\u021bat s\u0103 creez un echilibru \u00eentre carier\u0103 \u0219i via\u021ba de familie. La fel ca multe femei din acest domeniu, \u0219i eu am trecut prin momente \u00een care sim\u021beam c\u0103 trebuie s\u0103 muncesc enorm pentru rezultate care nu reflectau efortul depus. Tocmai de aceea, \u00een cursurile mele pun accent pe strategii eficiente, care \u00ee\u021bi permit s\u0103 cre\u0219ti f\u0103r\u0103 s\u0103 ajungi la epuizare.<\/p><div><span style=\"text-align: var(--text-align); font-size: 1rem;\">\u00a0<\/span><\/div>\t\t\t\t\t\t\t\t<\/div>\n\t\t\t\t<\/div>\n\t\t\t\t<\/div>\n\t\t\t\t<\/div>\n\t\t<div class=\"elementor-element elementor-element-13dadf8 e-con-full e-flex e-con e-child\" data-id=\"13dadf8\" data-element_type=\"container\" data-e-type=\"container\">\n\t\t\t\t<div class=\"elementor-element elementor-element-fb64612 elementor-widget__width-initial elementor-widget elementor-widget-image\" data-id=\"fb64612\" data-element_type=\"widget\" data-e-type=\"widget\" data-widget_type=\"image.default\">\n\t\t\t\t<div class=\"elementor-widget-container\">\n\t\t\t\t\t\t\t\t\t\t\t\t\t\t\t<img fetchpriority=\"high\" decoding=\"async\" width=\"1068\" height=\"1600\" src=\"https:\/\/olivera.ro\/wp-content\/uploads\/2025\/02\/DIANA-DUMITRU-TRAINER-CURSURI-OLIVERA-ACADEMY.jpeg\" class=\"attachment-full size-full wp-image-864\" alt=\"\" srcset=\"https:\/\/olivera.ro\/wp-content\/uploads\/2025\/02\/DIANA-DUMITRU-TRAINER-CURSURI-OLIVERA-ACADEMY.jpeg 1068w, https:\/\/olivera.ro\/wp-content\/uploads\/2025\/02\/DIANA-DUMITRU-TRAINER-CURSURI-OLIVERA-ACADEMY-600x899.jpeg 600w, https:\/\/olivera.ro\/wp-content\/uploads\/2025\/02\/DIANA-DUMITRU-TRAINER-CURSURI-OLIVERA-ACADEMY-200x300.jpeg 200w, https:\/\/olivera.ro\/wp-content\/uploads\/2025\/02\/DIANA-DUMITRU-TRAINER-CURSURI-OLIVERA-ACADEMY-684x1024.jpeg 684w, https:\/\/olivera.ro\/wp-content\/uploads\/2025\/02\/DIANA-DUMITRU-TRAINER-CURSURI-OLIVERA-ACADEMY-768x1151.jpeg 768w, https:\/\/olivera.ro\/wp-content\/uploads\/2025\/02\/DIANA-DUMITRU-TRAINER-CURSURI-OLIVERA-ACADEMY-1025x1536.jpeg 1025w\" sizes=\"(max-width: 1068px) 100vw, 1068px\" \/>\t\t\t\t\t\t\t\t\t\t\t\t\t\t\t<\/div>\n\t\t\t\t<\/div>\n\t\t\t\t<div class=\"elementor-element elementor-element-bf664d1 elementor-widget__width-initial elementor-widget elementor-widget-heading\" data-id=\"bf664d1\" data-element_type=\"widget\" data-e-type=\"widget\" data-widget_type=\"heading.default\">\n\t\t\t\t<div class=\"elementor-widget-container\">\n\t\t\t\t\t<h2 class=\"elementor-heading-title elementor-size-default\">Independen\u021b\u0103 \u0219i succes \u00een beauty: \u00cendrumare real\u0103 pentru tehnicieni \u0219i antreprenori<\/h2>\t\t\t\t<\/div>\n\t\t\t\t<\/div>\n\t\t\t\t<div class=\"elementor-element elementor-element-3595446 elementor-widget-divider--view-line elementor-widget elementor-widget-divider\" data-id=\"3595446\" data-element_type=\"widget\" data-e-type=\"widget\" data-widget_type=\"divider.default\">\n\t\t\t\t<div class=\"elementor-widget-container\">\n\t\t\t\t\t\t\t<div class=\"elementor-divider\">\n\t\t\t<span class=\"elementor-divider-separator\">\n\t\t\t\t\t\t<\/span>\n\t\t<\/div>\n\t\t\t\t\t\t<\/div>\n\t\t\t\t<\/div>\n\t\t\t\t<div class=\"elementor-element elementor-element-2000647 elementor-widget elementor-widget-text-editor\" data-id=\"2000647\" data-element_type=\"widget\" data-e-type=\"widget\" data-widget_type=\"text-editor.default\">\n\t\t\t\t<div class=\"elementor-widget-container\">\n\t\t\t\t\t\t\t\t\t<div>\u00a0De ce cred \u00een acest domeniu?<\/div><p>Pentru c\u0103 beauty-ul nu este doar despre estetic\u0103, ci despre \u00eencredere, stare de bine \u0219i independen\u021b\u0103 financiar\u0103. Industria beauty ofer\u0103 oportunit\u0103\u021bi extraordinare pentru cei care \u00ee\u0219i doresc s\u0103 evolueze, indiferent de unde pornesc. \u0218tiu asta din propria experien\u021b\u0103: am \u00eenceput de la zero, cu resurse limitate, dar cu dorin\u021ba de a \u00eenv\u0103\u021ba \u0219i de a reu\u0219i.<\/p><p>Acum vreau s\u0103 ajut \u0219i alte femei s\u0103 fac\u0103 acela\u0219i lucru. Dac\u0103 \u00ee\u021bi dore\u0219ti s\u0103 cre\u0219ti \u00een acest domeniu, s\u0103 oferi clien\u021bilor cele mai bune servicii \u0219i s\u0103 ai un business profitabil, cursurile mele sunt create special pentru tine.<\/p><p><span style=\"font-style: inherit; font-weight: inherit; text-align: var(--text-align);\">Hai s\u0103 construim \u00eempreun\u0103 succesul t\u0103u!<\/span><\/p>\t\t\t\t\t\t\t\t<\/div>\n\t\t\t\t<\/div>\n\t\t\t\t<\/div>\n\t\t\t\t\t<\/div>\n\t\t\t\t<\/div>\n\t\t<div class=\"elementor-element elementor-element-6073220 e-flex e-con-boxed e-con e-parent\" data-id=\"6073220\" data-element_type=\"container\" data-e-type=\"container\" data-settings=\"{&quot;background_background&quot;:&quot;classic&quot;}\">\n\t\t\t\t\t<div class=\"e-con-inner\">\n\t\t\t\t<div class=\"elementor-element elementor-element-c9f6c4b elementor-widget__width-auto elementor-align-center elementor-widget elementor-widget-button\" data-id=\"c9f6c4b\" data-element_type=\"widget\" data-e-type=\"widget\" data-widget_type=\"button.default\">\n\t\t\t\t<div class=\"elementor-widget-container\">\n\t\t\t\t\t\t\t\t\t<div class=\"elementor-button-wrapper\">\n\t\t\t\t\t<a class=\"elementor-button elementor-button-link elementor-size-sm\" href=\"http:\/\/Wa.me\/+40786821005\" target=\"_blank\" rel=\"noopener\">\n\t\t\t\t\t\t<span class=\"elementor-button-content-wrapper\">\n\t\t\t\t\t\t\t\t\t<span class=\"elementor-button-text\">INSCRIE-TE ACUM <\/span>\n\t\t\t\t\t<\/span>\n\t\t\t\t\t<\/a>\n\t\t\t\t<\/div>\n\t\t\t\t\t\t\t\t<\/div>\n\t\t\t\t<\/div>\n\t\t\t\t\t<\/div>\n\t\t\t\t<\/div>\n\t\t\t\t<\/div>","protected":false},"excerpt":{"rendered":"<p>De la pasiune la succes: 16 ani de experien\u021b\u0103 \u00een beauty, business \u0219i formare profesional\u0103 Sunt Diana Dumitru, specialist \u0219i formator calificat cu 16 ani de experien\u021b\u0103 \u00een domeniul beauty, specializat\u0103 \u00een utilizarea echipamentelor cosmetice avansate. Am \u00eenceput aceast\u0103 c\u0103l\u0103torie la doar 15 ani, din pasiune, nu din nevoie, iar \u00een timp am transformat aceast\u0103 [&hellip;]<\/p>\n","protected":false},"author":1,"featured_media":0,"parent":0,"menu_order":0,"comment_status":"closed","ping_status":"closed","template":"elementor_header_footer","meta":{"site-sidebar-layout":"no-sidebar","site-content-layout":"page-builder","ast-site-content-layout":"full-width-container","site-content-style":"unboxed","site-sidebar-style":"unboxed","ast-global-header-display":"","ast-banner-title-visibility":"","ast-main-header-display":"","ast-hfb-above-header-display":"","ast-hfb-below-header-display":"","ast-hfb-mobile-header-display":"","site-post-title":"disabled","ast-breadcrumbs-content":"","ast-featured-img":"disabled","footer-sml-layout":"","ast-disable-related-posts":"","theme-transparent-header-meta":"enabled","adv-header-id-meta":"","stick-header-meta":"","header-above-stick-meta":"","header-main-stick-meta":"","header-below-stick-meta":"","astra-migrate-meta-layouts":"set","ast-page-background-enabled":"default","ast-page-background-meta":{"desktop":{"background-color":"","background-image":"","background-repeat":"repeat","background-position":"center center","background-size":"auto","background-attachment":"scroll","background-type":"","background-media":"","overlay-type":"","overlay-color":"","overlay-opacity":"","overlay-gradient":""},"tablet":{"background-color":"","background-image":"","background-repeat":"repeat","background-position":"center center","background-size":"auto","background-attachment":"scroll","background-type":"","background-media":"","overlay-type":"","overlay-color":"","overlay-opacity":"","overlay-gradient":""},"mobile":{"background-color":"","background-image":"","background-repeat":"repeat","background-position":"center center","background-size":"auto","background-attachment":"scroll","background-type":"","background-media":"","overlay-type":"","overlay-color":"","overlay-opacity":"","overlay-gradient":""}},"ast-content-background-meta":{"desktop":{"background-color":"var(--ast-global-color-5)","background-image":"","background-repeat":"repeat","background-position":"center center","background-size":"auto","background-attachment":"scroll","background-type":"","background-media":"","overlay-type":"","overlay-color":"","overlay-opacity":"","overlay-gradient":""},"tablet":{"background-color":"var(--ast-global-color-5)","background-image":"","background-repeat":"repeat","background-position":"center center","background-size":"auto","background-attachment":"scroll","background-type":"","background-media":"","overlay-type":"","overlay-color":"","overlay-opacity":"","overlay-gradient":""},"mobile":{"background-color":"var(--ast-global-color-5)","background-image":"","background-repeat":"repeat","background-position":"center center","background-size":"auto","background-attachment":"scroll","background-type":"","background-media":"","overlay-type":"","overlay-color":"","overlay-opacity":"","overlay-gradient":""}},"footnotes":""},"class_list":["post-701","page","type-page","status-publish","hentry"],"_links":{"self":[{"href":"https:\/\/olivera.ro\/en\/wp-json\/wp\/v2\/pages\/701","targetHints":{"allow":["GET"]}}],"collection":[{"href":"https:\/\/olivera.ro\/en\/wp-json\/wp\/v2\/pages"}],"about":[{"href":"https:\/\/olivera.ro\/en\/wp-json\/wp\/v2\/types\/page"}],"author":[{"embeddable":true,"href":"https:\/\/olivera.ro\/en\/wp-json\/wp\/v2\/users\/1"}],"replies":[{"embeddable":true,"href":"https:\/\/olivera.ro\/en\/wp-json\/wp\/v2\/comments?post=701"}],"version-history":[{"count":9,"href":"https:\/\/olivera.ro\/en\/wp-json\/wp\/v2\/pages\/701\/revisions"}],"predecessor-version":[{"id":928,"href":"https:\/\/olivera.ro\/en\/wp-json\/wp\/v2\/pages\/701\/revisions\/928"}],"wp:attachment":[{"href":"https:\/\/olivera.ro\/en\/wp-json\/wp\/v2\/media?parent=701"}],"curies":[{"name":"wp","href":"https:\/\/api.w.org\/{rel}","templated":true}]}}